{"id":115,"date":"2020-05-23T22:13:53","date_gmt":"2020-05-23T20:13:53","guid":{"rendered":"http:\/\/www.fischerverein-schwoerstadt.de\/?page_id=115"},"modified":"2023-01-28T22:47:07","modified_gmt":"2023-01-28T21:47:07","slug":"gewaesser","status":"publish","type":"page","link":"https:\/\/www.fischerverein-schwoerstadt.de\/startseite\/gewaesser\/","title":{"rendered":"Gew\u00e4sser"},"content":{"rendered":"\t\t<div data-elementor-type=\"wp-page\" data-elementor-id=\"115\" class=\"elementor elementor-115\" data-elementor-settings=\"[]\">\n\t\t\t\t\t\t<div class=\"elementor-inner\">\n\t\t\t\t\t\t\t<div class=\"elementor-section-wrap\">\n\t\t\t\t\t\t\t<section class=\"elementor-section elementor-top-section elementor-element elementor-element-21d4d321 elementor-section-boxed elementor-section-height-default elementor-section-height-default\" data-id=\"21d4d321\" data-element_type=\"section\" data-settings=\"{&quot;background_background&quot;:&quot;classic&quot;}\">\n\t\t\t\t\t\t\t<div class=\"elementor-background-overlay\"><\/div>\n\t\t\t\t\t\t\t<div class=\"elementor-container elementor-column-gap-default\">\n\t\t\t\t\t\t\t<div class=\"elementor-row\">\n\t\t\t\t\t<div class=\"elementor-column elementor-col-50 elementor-top-column elementor-element elementor-element-7c423687\" data-id=\"7c423687\" data-element_type=\"column\">\n\t\t\t<div class=\"elementor-column-wrap\">\n\t\t\t\t\t\t\t<div class=\"elementor-widget-wrap\">\n\t\t\t\t\t\t\t\t<\/div>\n\t\t\t\t\t<\/div>\n\t\t<\/div>\n\t\t\t\t<div class=\"elementor-column elementor-col-50 elementor-top-column elementor-element elementor-element-28d1e3e6\" data-id=\"28d1e3e6\" data-element_type=\"column\">\n\t\t\t<div class=\"elementor-column-wrap elementor-element-populated\">\n\t\t\t\t\t\t\t<div class=\"elementor-widget-wrap\">\n\t\t\t\t\t\t<div class=\"elementor-element elementor-element-4e8333a4 animated-slow elementor-invisible elementor-widget elementor-widget-heading\" data-id=\"4e8333a4\" data-element_type=\"widget\" data-settings=\"{&quot;_animation&quot;:&quot;fadeInDown&quot;}\" data-widget_type=\"heading.default\">\n\t\t\t\t<div class=\"elementor-widget-container\">\n\t\t\t<h2 class=\"elementor-heading-title elementor-size-large\">Gew\u00e4sser<\/h2>\t\t<\/div>\n\t\t\t\t<\/div>\n\t\t\t\t\t\t<\/div>\n\t\t\t\t\t<\/div>\n\t\t<\/div>\n\t\t\t\t\t\t\t\t<\/div>\n\t\t\t\t\t<\/div>\n\t\t<\/section>\n\t\t\t\t<section class=\"elementor-section elementor-top-section elementor-element elementor-element-627a9cf elementor-section-boxed elementor-section-height-default elementor-section-height-default\" data-id=\"627a9cf\" data-element_type=\"section\">\n\t\t\t\t\t\t<div class=\"elementor-container elementor-column-gap-default\">\n\t\t\t\t\t\t\t<div class=\"elementor-row\">\n\t\t\t\t\t<div class=\"elementor-column elementor-col-100 elementor-top-column elementor-element elementor-element-699f1a3\" data-id=\"699f1a3\" data-element_type=\"column\">\n\t\t\t<div class=\"elementor-column-wrap elementor-element-populated\">\n\t\t\t\t\t\t\t<div class=\"elementor-widget-wrap\">\n\t\t\t\t\t\t<div class=\"elementor-element elementor-element-8c0468a elementor-widget elementor-widget-heading\" data-id=\"8c0468a\" data-element_type=\"widget\" data-widget_type=\"heading.default\">\n\t\t\t\t<div class=\"elementor-widget-container\">\n\t\t\t<h2 class=\"elementor-heading-title elementor-size-xl\">Unser Angelgew\u00e4sser<\/h2>\t\t<\/div>\n\t\t\t\t<\/div>\n\t\t\t\t<div class=\"elementor-element elementor-element-ed77639 elementor-widget elementor-widget-text-editor\" data-id=\"ed77639\" data-element_type=\"widget\" data-widget_type=\"text-editor.default\">\n\t\t\t\t<div class=\"elementor-widget-container\">\n\t\t\t\t\t\t\t\t<div class=\"elementor-text-editor elementor-clearfix\">\n\t\t\t\t<p>Der Rhein von der Strassenbr\u00fcck (Rheinlos 11) bis zur Landesgrenze Grenzach Wyhlen (Rheinlos 19)<\/p>\t\t\t\t\t<\/div>\n\t\t\t\t\t\t<\/div>\n\t\t\t\t<\/div>\n\t\t\t\t<div class=\"elementor-element elementor-element-7b23fcd elementor-widget elementor-widget-image\" data-id=\"7b23fcd\" data-element_type=\"widget\" data-widget_type=\"image.default\">\n\t\t\t\t<div class=\"elementor-widget-container\">\n\t\t\t\t\t\t\t\t<div class=\"elementor-image\">\n\t\t\t\t\t\t\t\t\t\t\t\t<img loading=\"lazy\" decoding=\"async\" width=\"768\" height=\"323\" src=\"https:\/\/www.fischerverein-schwoerstadt.de\/wp-content\/uploads\/2023\/01\/Bootsfischen_Rhein_Neu2023-768x323.jpg\" class=\"attachment-medium_large size-medium_large\" alt=\"\" srcset=\"https:\/\/www.fischerverein-schwoerstadt.de\/wp-content\/uploads\/2023\/01\/Bootsfischen_Rhein_Neu2023-768x323.jpg 768w, https:\/\/www.fischerverein-schwoerstadt.de\/wp-content\/uploads\/2023\/01\/Bootsfischen_Rhein_Neu2023-300x126.jpg 300w, https:\/\/www.fischerverein-schwoerstadt.de\/wp-content\/uploads\/2023\/01\/Bootsfischen_Rhein_Neu2023-1024x431.jpg 1024w, https:\/\/www.fischerverein-schwoerstadt.de\/wp-content\/uploads\/2023\/01\/Bootsfischen_Rhein_Neu2023-1536x646.jpg 1536w, https:\/\/www.fischerverein-schwoerstadt.de\/wp-content\/uploads\/2023\/01\/Bootsfischen_Rhein_Neu2023-2048x861.jpg 2048w\" sizes=\"(max-width: 768px) 100vw, 768px\" \/>\t\t\t\t\t\t\t\t\t\t\t\t\t\t<\/div>\n\t\t\t\t\t\t<\/div>\n\t\t\t\t<\/div>\n\t\t\t\t<div class=\"elementor-element elementor-element-d11f905 elementor-widget-divider--view-line elementor-widget elementor-widget-divider\" data-id=\"d11f905\" data-element_type=\"widget\" data-widget_type=\"divider.default\">\n\t\t\t\t<div class=\"elementor-widget-container\">\n\t\t\t\t\t<div class=\"elementor-divider\">\n\t\t\t<span class=\"elementor-divider-separator\">\n\t\t\t\t\t\t<\/span>\n\t\t<\/div>\n\t\t\t\t<\/div>\n\t\t\t\t<\/div>\n\t\t\t\t<div class=\"elementor-element elementor-element-5895709 animated-slow elementor-invisible elementor-widget elementor-widget-text-editor\" data-id=\"5895709\" data-element_type=\"widget\" data-settings=\"{&quot;_animation&quot;:&quot;fadeInRight&quot;,&quot;_animation_delay&quot;:200}\" data-widget_type=\"text-editor.default\">\n\t\t\t\t<div class=\"elementor-widget-container\">\n\t\t\t\t\t\t\t\t<div class=\"elementor-text-editor elementor-clearfix\">\n\t\t\t\t<p><strong><u>BESTIMMUNGEN F\u00dcR DEN HOCHRHEIN<\/u><\/strong><\/p><p>Die Angelkarte berechtigt zum Fischen mit der Handangel vom Ufer aus oder watend. Bootskarten sind gesondert gekennzeichnet. Sie hat nur G\u00fcltigkeit zusammen mit einem amtlich anerkannten Fischereischein und ist nicht \u00fcbertragbar. S\u00e4mtliche Papiere, gefangene Fische sowie das Angelger\u00e4t etc., sind den Kontrollberechtigten auf Verlangen vorzuzeigen. Der Angler \u00fcbt die Fischerei auf eigene Gefahr aus. F\u00fcr den Zustand der Gew\u00e4sser und der Ufer, sowie f\u00fcr den Fischbestand wird keine Gew\u00e4hr \u00fcbernommen. \u00c4nderungen der Bestimmungen bleiben vorbehalten.<\/p><p>\u00a0<\/p><p><strong>Achtung: Das Fangbuch ist genau zu f\u00fchren. Vor Angelbeginn ist das aktuelle Datum sowie die Los-Nr. einzutragen. Wird die Los-Strecke gewechselt sind die F\u00e4nge sofort einzutragen. Werden die Bestimmungen nicht eingehalten, wird der Erlaubnisschein eingezogen!<\/strong><\/p><p>\u00a0<\/p><ol><li>Die an das Fischwasser angrenzenden Grundst\u00fccke, die f\u00fcr den \u00f6rtlichen Verkehr nicht freigegeben sind, d\u00fcrfen nicht betreten und befahren werden, soweit dies zur Aus\u00fcbung der Fischerei nicht erforderlich ist. F\u00fcr einen etwa angerichteten Flurschaden hat der Urheber in jedem Fall Schadensersatz zu leisten. Eingefriedete Grundst\u00fccke (mit Ausnahme von Viehweiden) d\u00fcrfen ohne Zustimmung des Grundst\u00fcckeigent\u00fcmers nicht betreten werden. Den Anordnungen der Kontrollorgane ist Folge zu leisten.<\/li><li>Es ist untersagt:<ol><li>mehr als 2 Angelger\u00e4te gleichzeitig mit mehr als jeweils 3 Angelhaken zu ben\u00fctzen, sogenannte Leg- bzw. Reihenangeln zu verwenden, Angelger\u00e4te auszulegen, ohne diese st\u00e4ndig zu beaufsichtigen,<\/li><li>die Fischerei gewerbsm\u00e4\u00dfig auszu\u00fcben und gefangene Fische zu verkaufen,<\/li><li>das Fischen mit dem lebenden K\u00f6derfisch ist unzul\u00e4ssig, die Verwendung der K\u00f6derfischsenke ist verboten,<\/li><li>Zehnf\u00fc\u00dfige S\u00fc\u00dfwasserkrebse aus dem Rhein oder Teile davon d\u00fcrfen in anderen Gew\u00e4ssern nicht als K\u00f6der verwendet werden. Sie d\u00fcrfen ferner nicht in andere Gew\u00e4sser umgesetzt (auch nicht in kleine private Teiche) oder in Anlagen (z.B. Aquarien) geh\u00e4ltert werden, die in andere Gew\u00e4sser als den Rhein entw\u00e4ssern.<\/li><li>Die aktuellen Schonbestimmungen sind umseitig aufgedruckt! Welse, Rapfen sowie alle nicht einheimischen Fischarten sind aus hegerischen Gr\u00fcnden grunds\u00e4tzlich zu entnehmen.<\/li><\/ol><\/li><li>Der Tagesfang an Edel- und Gutfischen (alle Salmoniden, Hecht, Zander, Karpfen, Schleie) darf insgesamt 5 St\u00fcck nicht \u00fcbersteigen, d.h., darunter h\u00f6chstens 3 Forellen \/ \u00c4schen und 2 Hechte oder 2 Zander bzw. je einen Hecht und einen Zander.<\/li><li>Markierte Fische sind unter Angabe der Fischart, L\u00e4nge, des Gewichts, der Markenfarbe und ggf. der Nummer unverz\u00fcglich den zust\u00e4ndigen Ausgabestellen anzuzeigen.<\/li><li>Bei Versto\u00df gegen die vorstehenden Bestimmungen und gegen die gesetzlichen Vorschriften kann die Angelkarte sofort ohne Entsch\u00e4digung entzogen werden; der Fischer ist verpflichtet, das unrechtm\u00e4\u00dfig benutzte Ger\u00e4t abzugeben. Strafanzeige bleibt vorbehalten. Der Angler \u00fcbt die Fischerei auf eigene Gefahr aus.<\/li><li>Zur F\u00f6rderung der Fischereiwissenschaft und der fischereiwirtschaftlichen Betreuung des Gew\u00e4ssers hat jeder Angelkarteninhaber seine Fangergebnisse nach Fischarten, Gr\u00f6\u00dfe und Gewicht aufzuzeichnen. Das Fangergebnis im abgelaufenen Fischereijahr ist dem Kartenaussteller ohne Aufforderung nachzuweisen. Die Ausstellung einer neuen Angelkarte wird vom Nachweis der Fangergebnisse abh\u00e4ngig gemacht.<\/li><li>Jugendliche im Alter von 10 bis 16 Jahren d\u00fcrfen ohne den Nachweis der f\u00fcr die Aus\u00fcbung der Fischerei erforderlichen Sachkunde (bestandene Fischerpr\u00fcfung) nur unter Aufsicht eines mindestens 18 Jahre alten Fischereischeininhabers angeln.<\/li><\/ol><p>\u00a0<\/p><p>\u00a0<\/p><p>\u00a0<\/p><p>\u00a0<\/p><p>\u00a0<\/p><p><strong><u>Losgrenzen der Rhein-Lose 11-19<\/u><\/strong><\/p><p><strong>11- <\/strong>Alte Stra\u00dfenbr\u00fccke Laufenburg (Altstadt) bis Kraftwerk Laufenburg ca. 1,28 km<\/p><p><strong>12- <\/strong>Kraftwerk Laufenburg bis Rothausgraben (Gemarkungsgrenze Murg\/Bad S\u00e4ckingen) ca. 3,91 km<\/p><p><strong>13- <\/strong>Rothausgraben (Gemarkungsgrenze Murg\/Bad S\u00e4ckingen) bis Kraftwerk Bad S. ca. 3,37 km<\/p><p><strong>14-<\/strong> Kraftwerk Bad S. bis Mumpfer-F\u00e4hre ca. 3,63 km<\/p><p><strong>15-<\/strong> Mumpfer-F\u00e4hre bis Wehram\u00fcndung ca. 4,60 km<\/p><p><strong>16-<\/strong> Wehram\u00fcndung bis 50 m oberhalb (\u00f6stlich) des abzweigenden Umgehungsgew\u00e4ssers beim Kraftwerk Ryburg-Schw\u00f6rstadt ca. 5,00 km<\/p><p><strong>17- <\/strong>Kraftwerk Ryburg-Schw\u00f6rstadt bis 200 m (nord\u00f6stlich) des abzweigenden Umgehungsgew\u00e4ssers beim Kraftwerk Rheinfelden ca. 2,90 km<\/p><p><strong>18-<\/strong> Fischereigrenze (min. 50 m unterhalb der Einm\u00fcndung des kleinen Umgehungs- gew\u00e4ssers unterhalb des Kraftwerks Rheinfelden) bis \u00f6stlicher Beginn des sog. \u201eNegerd\u00f6rfles\u201c (ohne Altrheinbecken und Insel Gewerth) ca. 6,90 km<\/p><p><strong>19-<\/strong> Kraftwerk Augst-Wyhlen bis Landesgrenze Grenzach (H\u00f6he der Zollanlage Grenzach) ca. 7,19 km<\/p>\t\t\t\t\t<\/div>\n\t\t\t\t\t\t<\/div>\n\t\t\t\t<\/div>\n\t\t\t\t<div class=\"elementor-element elementor-element-494c970 elementor-widget elementor-widget-image\" data-id=\"494c970\" data-element_type=\"widget\" data-widget_type=\"image.default\">\n\t\t\t\t<div class=\"elementor-widget-container\">\n\t\t\t\t\t\t\t\t<div class=\"elementor-image\">\n\t\t\t\t\t\t\t\t\t\t\t\t<img decoding=\"async\" src=\"http:\/\/www.fischerverein-schwoerstadt.de\/wp-content\/uploads\/2020\/06\/Karte-Gew\u00e4sser.jpg\" title=\"\" alt=\"\" \/>\t\t\t\t\t\t\t\t\t\t\t\t\t\t<\/div>\n\t\t\t\t\t\t<\/div>\n\t\t\t\t<\/div>\n\t\t\t\t\t\t<\/div>\n\t\t\t\t\t<\/div>\n\t\t<\/div>\n\t\t\t\t\t\t\t\t<\/div>\n\t\t\t\t\t<\/div>\n\t\t<\/section>\n\t\t\t\t\t\t<\/div>\n\t\t\t\t\t\t<\/div>\n\t\t\t\t\t<\/div>\n\t\t","protected":false},"excerpt":{"rendered":"<p>Gew\u00e4sser Unser Angelgew\u00e4sser Der Rhein von der Strassenbr\u00fcck (Rheinlos 11) bis zur Landesgrenze Grenzach Wyhlen (Rheinlos 19) BESTIMMUNGEN F\u00dcR DEN HOCHRHEIN Die Angelkarte berechtigt zum Fischen mit der Handangel vom Ufer aus oder watend. Bootskarten sind gesondert gekennzeichnet. Sie hat nur G\u00fcltigkeit zusammen mit einem amtlich anerkannten Fischereischein und ist nicht \u00fcbertragbar. S\u00e4mtliche Papiere, gefangene [&hellip;]<\/p>\n","protected":false},"author":1,"featured_media":0,"parent":0,"menu_order":0,"comment_status":"closed","ping_status":"closed","template":"","meta":{"ocean_post_layout":"full-screen","ocean_both_sidebars_style":"","ocean_both_sidebars_content_width":0,"ocean_both_sidebars_sidebars_width":0,"ocean_sidebar":"0","ocean_second_sidebar":"0","ocean_disable_margins":"enable","ocean_add_body_class":"","ocean_shortcode_before_top_bar":"","ocean_shortcode_after_top_bar":"","ocean_shortcode_before_header":"","ocean_shortcode_after_header":"","ocean_has_shortcode":"","ocean_shortcode_after_title":"","ocean_shortcode_before_footer_widgets":"","ocean_shortcode_after_footer_widgets":"","ocean_shortcode_before_footer_bottom":"","ocean_shortcode_after_footer_bottom":"","ocean_display_top_bar":"default","ocean_display_header":"default","ocean_header_style":"","ocean_center_header_left_menu":"0","ocean_custom_header_template":"0","ocean_custom_logo":0,"ocean_custom_retina_logo":0,"ocean_custom_logo_max_width":0,"ocean_custom_logo_tablet_max_width":0,"ocean_custom_logo_mobile_max_width":0,"ocean_custom_logo_max_height":0,"ocean_custom_logo_tablet_max_height":0,"ocean_custom_logo_mobile_max_height":0,"ocean_header_custom_menu":"0","ocean_menu_typo_font_family":"0","ocean_menu_typo_font_subset":"","ocean_menu_typo_font_size":0,"ocean_menu_typo_font_size_tablet":0,"ocean_menu_typo_font_size_mobile":0,"ocean_menu_typo_font_size_unit":"px","ocean_menu_typo_font_weight":"","ocean_menu_typo_font_weight_tablet":"","ocean_menu_typo_font_weight_mobile":"","ocean_menu_typo_transform":"","ocean_menu_typo_transform_tablet":"","ocean_menu_typo_transform_mobile":"","ocean_menu_typo_line_height":0,"ocean_menu_typo_line_height_tablet":0,"ocean_menu_typo_line_height_mobile":0,"ocean_menu_typo_line_height_unit":"","ocean_menu_typo_spacing":0,"ocean_menu_typo_spacing_tablet":0,"ocean_menu_typo_spacing_mobile":0,"ocean_menu_typo_spacing_unit":"","ocean_menu_link_color":"","ocean_menu_link_color_hover":"","ocean_menu_link_color_active":"","ocean_menu_link_background":"","ocean_menu_link_hover_background":"","ocean_menu_link_active_background":"","ocean_menu_social_links_bg":"","ocean_menu_social_hover_links_bg":"","ocean_menu_social_links_color":"","ocean_menu_social_hover_links_color":"","ocean_disable_title":"on","ocean_disable_heading":"default","ocean_post_title":"","ocean_post_subheading":"","ocean_post_title_style":"","ocean_post_title_background_color":"","ocean_post_title_background":0,"ocean_post_title_bg_image_position":"","ocean_post_title_bg_image_attachment":"","ocean_post_title_bg_image_repeat":"","ocean_post_title_bg_image_size":"","ocean_post_title_height":0,"ocean_post_title_bg_overlay":0.5,"ocean_post_title_bg_overlay_color":"","ocean_disable_breadcrumbs":"default","ocean_breadcrumbs_color":"","ocean_breadcrumbs_separator_color":"","ocean_breadcrumbs_links_color":"","ocean_breadcrumbs_links_hover_color":"","ocean_display_footer_widgets":"default","ocean_display_footer_bottom":"default","ocean_custom_footer_template":"0","footnotes":""},"_links":{"self":[{"href":"https:\/\/www.fischerverein-schwoerstadt.de\/startseite\/wp-json\/wp\/v2\/pages\/115"}],"collection":[{"href":"https:\/\/www.fischerverein-schwoerstadt.de\/startseite\/wp-json\/wp\/v2\/pages"}],"about":[{"href":"https:\/\/www.fischerverein-schwoerstadt.de\/startseite\/wp-json\/wp\/v2\/types\/page"}],"author":[{"embeddable":true,"href":"https:\/\/www.fischerverein-schwoerstadt.de\/startseite\/wp-json\/wp\/v2\/users\/1"}],"replies":[{"embeddable":true,"href":"https:\/\/www.fischerverein-schwoerstadt.de\/startseite\/wp-json\/wp\/v2\/comments?post=115"}],"version-history":[{"count":13,"href":"https:\/\/www.fischerverein-schwoerstadt.de\/startseite\/wp-json\/wp\/v2\/pages\/115\/revisions"}],"predecessor-version":[{"id":788,"href":"https:\/\/www.fischerverein-schwoerstadt.de\/startseite\/wp-json\/wp\/v2\/pages\/115\/revisions\/788"}],"wp:attachment":[{"href":"https:\/\/www.fischerverein-schwoerstadt.de\/startseite\/wp-json\/wp\/v2\/media?parent=115"}],"curies":[{"name":"wp","href":"https:\/\/api.w.org\/{rel}","templated":true}]}}