{"id":132,"date":"2020-05-23T22:27:47","date_gmt":"2020-05-23T20:27:47","guid":{"rendered":"http:\/\/www.fischerverein-schwoerstadt.de\/?page_id=132"},"modified":"2023-07-10T20:05:07","modified_gmt":"2023-07-10T18:05:07","slug":"satzung","status":"publish","type":"page","link":"https:\/\/www.fischerverein-schwoerstadt.de\/startseite\/satzung\/","title":{"rendered":"Satzung"},"content":{"rendered":"\t\t<div data-elementor-type=\"wp-page\" data-elementor-id=\"132\" class=\"elementor elementor-132\" data-elementor-settings=\"[]\">\n\t\t\t\t\t\t<div class=\"elementor-inner\">\n\t\t\t\t\t\t\t<div class=\"elementor-section-wrap\">\n\t\t\t\t\t\t\t<section class=\"elementor-section elementor-top-section elementor-element elementor-element-21d4d321 elementor-section-boxed elementor-section-height-default elementor-section-height-default\" data-id=\"21d4d321\" data-element_type=\"section\" data-settings=\"{&quot;background_background&quot;:&quot;classic&quot;}\">\n\t\t\t\t\t\t\t<div class=\"elementor-background-overlay\"><\/div>\n\t\t\t\t\t\t\t<div class=\"elementor-container elementor-column-gap-default\">\n\t\t\t\t\t\t\t<div class=\"elementor-row\">\n\t\t\t\t\t<div class=\"elementor-column elementor-col-50 elementor-top-column elementor-element elementor-element-7c423687\" data-id=\"7c423687\" data-element_type=\"column\">\n\t\t\t<div class=\"elementor-column-wrap\">\n\t\t\t\t\t\t\t<div class=\"elementor-widget-wrap\">\n\t\t\t\t\t\t\t\t<\/div>\n\t\t\t\t\t<\/div>\n\t\t<\/div>\n\t\t\t\t<div class=\"elementor-column elementor-col-50 elementor-top-column elementor-element elementor-element-28d1e3e6\" data-id=\"28d1e3e6\" data-element_type=\"column\">\n\t\t\t<div class=\"elementor-column-wrap elementor-element-populated\">\n\t\t\t\t\t\t\t<div class=\"elementor-widget-wrap\">\n\t\t\t\t\t\t<div class=\"elementor-element elementor-element-4e8333a4 animated-slow elementor-invisible elementor-widget elementor-widget-heading\" data-id=\"4e8333a4\" data-element_type=\"widget\" data-settings=\"{&quot;_animation&quot;:&quot;fadeInDown&quot;}\" data-widget_type=\"heading.default\">\n\t\t\t\t<div class=\"elementor-widget-container\">\n\t\t\t<h2 class=\"elementor-heading-title elementor-size-large\">Satzung<\/h2>\t\t<\/div>\n\t\t\t\t<\/div>\n\t\t\t\t\t\t<\/div>\n\t\t\t\t\t<\/div>\n\t\t<\/div>\n\t\t\t\t\t\t\t\t<\/div>\n\t\t\t\t\t<\/div>\n\t\t<\/section>\n\t\t\t\t<section class=\"elementor-section elementor-top-section elementor-element elementor-element-4766a4a elementor-section-boxed elementor-section-height-default elementor-section-height-default\" data-id=\"4766a4a\" data-element_type=\"section\">\n\t\t\t\t\t\t<div class=\"elementor-container elementor-column-gap-default\">\n\t\t\t\t\t\t\t<div class=\"elementor-row\">\n\t\t\t\t\t<div class=\"elementor-column elementor-col-100 elementor-top-column elementor-element elementor-element-859625b\" data-id=\"859625b\" data-element_type=\"column\">\n\t\t\t<div class=\"elementor-column-wrap elementor-element-populated\">\n\t\t\t\t\t\t\t<div class=\"elementor-widget-wrap\">\n\t\t\t\t\t\t<div class=\"elementor-element elementor-element-8b5d2e7 elementor-widget elementor-widget-heading\" data-id=\"8b5d2e7\" data-element_type=\"widget\" data-widget_type=\"heading.default\">\n\t\t\t\t<div class=\"elementor-widget-container\">\n\t\t\t<h2 class=\"elementor-heading-title elementor-size-medium\">Auszug aus der Satzung des Fischerverein Schw\u00f6rstadt e. V. (Angaben ohne Gew\u00e4hr)\n<\/h2>\t\t<\/div>\n\t\t\t\t<\/div>\n\t\t\t\t\t\t<\/div>\n\t\t\t\t\t<\/div>\n\t\t<\/div>\n\t\t\t\t\t\t\t\t<\/div>\n\t\t\t\t\t<\/div>\n\t\t<\/section>\n\t\t\t\t<section class=\"elementor-section elementor-top-section elementor-element elementor-element-efc28f3 elementor-section-boxed elementor-section-height-default elementor-section-height-default\" data-id=\"efc28f3\" data-element_type=\"section\">\n\t\t\t\t\t\t<div class=\"elementor-container elementor-column-gap-default\">\n\t\t\t\t\t\t\t<div class=\"elementor-row\">\n\t\t\t\t\t<div class=\"elementor-column elementor-col-100 elementor-top-column elementor-element elementor-element-da0fcfb\" data-id=\"da0fcfb\" data-element_type=\"column\">\n\t\t\t<div class=\"elementor-column-wrap elementor-element-populated\">\n\t\t\t\t\t\t\t<div class=\"elementor-widget-wrap\">\n\t\t\t\t\t\t<div class=\"elementor-element elementor-element-c19eb66 elementor-view-default elementor-widget elementor-widget-icon\" data-id=\"c19eb66\" data-element_type=\"widget\" data-widget_type=\"icon.default\">\n\t\t\t\t<div class=\"elementor-widget-container\">\n\t\t\t\t\t<div class=\"elementor-icon-wrapper\">\n\t\t\t<div class=\"elementor-icon\">\n\t\t\t<i aria-hidden=\"true\" class=\"fas fa-info-circle\"><\/i>\t\t\t<\/div>\n\t\t<\/div>\n\t\t\t\t<\/div>\n\t\t\t\t<\/div>\n\t\t\t\t<div class=\"elementor-element elementor-element-8d24cf9 elementor-widget elementor-widget-text-editor\" data-id=\"8d24cf9\" data-element_type=\"widget\" data-widget_type=\"text-editor.default\">\n\t\t\t\t<div class=\"elementor-widget-container\">\n\t\t\t\t\t\t\t\t<div class=\"elementor-text-editor elementor-clearfix\">\n\t\t\t\t<ul><li><strong> 1<\/strong><\/li><\/ul><p><strong>Name, Sitz, Gesch\u00e4ftsjahr<\/strong>\u00a0<\/p><p>Der Verein f\u00fchrt den Namen\u00a0<br \/>Fischerverein Schw\u00f6rstadt e.V., nachfolgend FV genannt.<\/p><p>Der Verein hat seinen Sitz in Schw\u00f6rstadt und ist im Vereinsregister eingetragen.<\/p><p>Das Gesch\u00e4ftsjahr beginnt am 01.12. und endet am 30.11. des Folgejahres.<\/p><p>Gr\u00fcndungstag ist der 18.Juli 1967\u00a0<\/p><ul><li><strong> 2<\/strong><\/li><\/ul><p><strong>Zweck des Vereins<\/strong><\/p><p><strong>2.1<\/strong>\u00a0Der FV hat die Aufgabe, die waidgerechte, nicht kommerzielle Fischerei in seinem Einzugsbereich zu vertreten und zu f\u00f6rdern. Er verfolgt ausschlie\u00dflich und unmittelbar gemeinn\u00fctzige Zwecke im Sinne des Abschnittes \u201eSteuerbeg\u00fcnstigte Zwecke &#8222;der Abgabenordnung.<\/p><p><strong>2.2<\/strong>\u00a0Der Verein setzt sich f\u00fcr die Erhaltung und Pflege der Natur, insbesondere der Gew\u00e4sser und ihrer Umwelt zum Wohle der Allgemeinheit und Erhaltung der Volksgesundheit ein.<\/p><p><strong>2.3<\/strong>\u00a0Der Verein verfolgt diese Zwecke durch:<\/p><p>1.Die aktive Mitarbeit in\u00a0<br \/>Fischerei-, Umwelt-, Gew\u00e4sser-, Landschafts-, Natur- und Tierschutzfragen und in Zusammenarbeit mit den entsprechenden Vertretungen, Beh\u00f6rden und Verb\u00e4nden.<\/p><p>2.Die Hege und Pflege der Gew\u00e4sser und ihrer Fischbest\u00e4nde.<\/p><p>3.Die Erhaltung s\u00e4mtlicher im und am Gew\u00e4sser vorkommender Tierarten und Pflanzen sowie die Erhaltung und Wiederherstellung geeigneter Biotope f\u00fcr Tiere und Pflanzen.<\/p><p>4.Die Beratung und Unterst\u00fctzung der Mitglieder in allen die Fischerei betreffenden Fragen.<\/p><p>5.Die F\u00f6rderung des waidgerechten Fischens unter besonderer Ber\u00fccksichtigung hegerischer Erfordernisse.<\/p><p>6.Die F\u00f6rderung der Vereinsjugend.<\/p><p>7.Die F\u00f6rderung und Schaffung von Angelm\u00f6glichkeiten.<\/p><p>8.Die Aus- und Fortbildung der Fischer auf dem gesamten Gebiet der Fischerei und des Gew\u00e4sser-, Natur-, Landschafts- und Tierschutzes.<\/p><p>9.Die Unterrichtung der \u00d6ffentlichkeit.<\/p><p><strong>2.4<\/strong>\u00a0Die Mittel des Vereins d\u00fcrfen nur f\u00fcr satzungsgem\u00e4\u00dfe Zwecke verwendet werden.<\/p><p><strong>2.5<\/strong>\u00a0Der Verein ist selbstlos t\u00e4tig, er verfolgt nicht in erster Linie eigenwirtschaftliche Zwecke.<\/p><ul><li><strong> 3<\/strong><\/li><\/ul><p><strong>Mitgliedschaft<\/strong><\/p><p>Der FV hat Aktiv-, Passiv- und Ehrenmitglieder.<\/p><p>Jede unbescholtene Person ab dem 10. Lebensjahr kann die Aktiv- oder Passivmitglied\u00adschaft beantragen. Die Auf\u00adnahme von Mitgliedern kann nur nach schriftlichem Antrag durch den Vorstand erfolgen. Voraussetzung f\u00fcr die Aktivmitgliedschaft ist ein g\u00fcltiger Fischereischein. Bei Jugendlichen mu\u00df der Antrag vom gesetzlichen Vertreter unterzeichnet sein. Die Aufnahme eines Jugendlichen kann ohne den Nachweis eines g\u00fcltigen Fischereischeins erfolgen.<\/p><ul><li><strong> 4<\/strong><\/li><\/ul><p><strong>Beendigung der Mitgliedschaft<\/strong><\/p><p>Die Mitgliedschaft endet:<\/p><p>1.Durch Tod<\/p><p>2.Durch Austritt<br \/>Die K\u00fcndigung der Mitgliedschaft mu\u00df schriftlich beim Vorstand eingereicht werden.<\/p><p>3.Bei Nichtbezahlung der festgelegten Beitr\u00e4ge nach einem Monat.<\/p><p>4.Durch Ausschlu\u00df bei:<\/p><p>\u00a0\u00a0 nicht waidgerechtem Verhalten bei der Fischerei.<\/p><p>\u00a0\u00a0 vereinssch\u00e4digendem Verhalten.<\/p><p>Den Vereinsausschlu\u00df spricht allein der Vorstand aus wichtigem Grunde aus. Die Einspruchsfrist gegen den Ausschlu\u00df betr\u00e4gt 4 Wochen. Der Einspruch mu\u00df schriftlich erfolgen. Hier\u00fcber entscheidet die n\u00e4chste Mitgliederversammlung. Ein Anspruch auf Erstattung der Beitr\u00e4ge besteht nicht. Schadenersatzanspr\u00fcche k\u00f6nnen nicht geltend gemacht werden.<\/p><p>Die Passivmitgliedschaft endet, wenn das Passivmitglied mit den Beitr\u00e4gen 3 Jahre im R\u00fcckstand ist.<\/p><ul><li><strong> 5<\/strong><\/li><\/ul><p><strong>Beitr\u00e4ge und Geb\u00fchren<\/strong><\/p><p>Nach Einf\u00fchrung des Lastschriftverfahrens ist die Teilnahme am Lastschriftverfahren Voraussetzung f\u00fcr die Mitgliedschaft.<\/p><p>Die Zahlung der Beitr\u00e4ge und Geb\u00fchren erfolgt nach Einf\u00fchrung ausschlie\u00dflich im Lastschriftverfahren. Den Termin der Beitragszahlung bestimmt der Vorstand und gibt ihn bekannt.<\/p><p>F\u00fcr Neuaufnahmen innerhalb eines Beitragsjahres ist der volle Jahresbeitrag und eine Aufnahmegeb\u00fchr, deren H\u00f6he vom Vorstand festgelegt wird, zu zahlen. Ein Recht auf Erstattung der Beitr\u00e4ge oder der Aufnahmegeb\u00fchren bei Austritt oder Ausschlu\u00df aus dem Verein besteht nicht<\/p><ul><li><strong> 6<\/strong><\/li><\/ul><p><strong>Rechte und Pflichten der Mitglieder<\/strong><\/p><p>1.Alle Aktivmitglieder haben die gleichen Rechte, welches in ihrem Stimmrecht zum Ausdruck kommt. Passivmitglieder haben kein Stimmrecht.<\/p><p>2.Mitglieder des Gesamtvorstandes des FV d\u00fcrfen nicht gleichzeitig in der Vorstandschaft eines gleichartigen Vereins t\u00e4tig sein.<\/p><p>3.Die Mitglieder sind verpflichtet, die Satzung und satzungsgem\u00e4\u00dfe Anforderungen der Organe des FV zu befolgen. Die Bestrebungen des Vereins zu unterst\u00fctzen. Dem Verein \u00fcber fischereiliche Vorkommnisse und Angelegenheiten zu berichten und alle zur Durchf\u00fchrung seiner satzungsgem\u00e4\u00dfen Aufgaben notwendigen Ausk\u00fcnfte zu erteilen.<\/p><p>4.Die festgesetzten Beitr\u00e4ge und Geb\u00fchren p\u00fcnktlich zu entrichten.<\/p><p>5.Bei Nichtabholung des FES, innerhalb eines Monats nach Kartenausgabe, ist eine vom Vorstand festgesetzte Geb\u00fchr zu entrichten.\u00a0<\/p><p>6.Die vom Vorstand f\u00fcr alle Aktivmitglieder festgesetzten Arbeitsstunden unentgeltlich abzuleisten. Bei Nichtableistung der Arbeitsstunden mu\u00df eine daf\u00fcr vom Vorstand festgesetzte Ersatzleistung erbracht werden.<\/p><p>7.Ein Fangbuch zu f\u00fchren und dieses mit der Fangmeldung j\u00e4hrlich zum geforderten Termin abzugeben.<\/p><ul><li><strong> 7<\/strong><\/li><\/ul><p><strong>Organe <\/strong><\/p><p><strong>\u00a0<\/strong><strong>Organe des FV sind:<\/strong><\/p><ol><li>\u00a0Die Mitgliederversammlung<\/li><li>\u00a0Der Vorstand\u00a0<\/li><\/ol><ul><li><strong> 8<\/strong><\/li><\/ul><p><strong>Mitgliederversammlung<\/strong><\/p><p>Die Mitgliederversammlung ist mindestens einmal im Jahr(im 4.Quartal) vom Vorstand einzuberufen. Die Einladung hierzu erfolgt mindestens vierzehn Tage vorher durch Ver\u00f6ffentlichung im Mitteilungsblatt der Gemeinde Schw\u00f6rstadt unter Bekanntgabe der Tagesordnung. Ausw\u00e4rtige Mitglieder werden schriftlich verst\u00e4ndigt.<\/p><p>Eine au\u00dferordentliche Mitgliederversammlung mit Angabe der Tagesordnung mu\u00df einberufen werden, wenn dieses von einem Drittel der ordentlichen Mitglieder (Aktivmitglieder) unter Angabe von Gr\u00fcnden schriftlich beantragt wird, oder wenn die Mehrheit des Vorstandes eine Einberufung f\u00fcr notwendig h\u00e4lt.<\/p><p>Die Mitgliederversammlung ist ohne R\u00fccksicht auf die Zahl der erschienenen Mitglieder beschlu\u00dff\u00e4hig. Sofern nicht durch gesetzliche Bestimmungen anderes vorgeschrieben ist, entscheidet die einfache Mehrheit der anwesenden Stimmen. Bei Stimmengleichheit ist der Antrag abgelehnt. F\u00fcr Satzungs\u00e4n\u00adderungen ist eine Dreiviertelmehrheit der vertretenen Stimmen erforderlich. Abstimmungen und Wahlen werden offen durchgef\u00fchrt, wenn kein Stimmberechtigter widerspricht. Andernfalls k\u00f6nnen durch Mehrheitsbeschlu\u00df der Versammlung die Abstimmungen geheim durchgef\u00fchrt werden. Die Beschl\u00fcsse der Mitgliederversammlung sind schriftlich niederzulegen und vom Versammlungsleiter und dem Protokollf\u00fchrer zu unterzeichnen.<\/p><ul><li><strong> 9<\/strong><\/li><\/ul><p><strong>Aufgaben der Mitgliederversammlung<\/strong><\/p><p>Der Mitgliederversammlung obliegt:<\/p><p>1.Die Wahl des 1.Vorsitzenden.<br \/>Nach der Wahl des 1.Vorsitzenden f\u00fchrt dieser, oder ein Beauftragter, die Wahl der weiteren Vorstandsmitglieder durch,<\/p><p>2.die Abstimmung \u00fcber die Vorschl\u00e4ge zur Besetzung der weiteren Vorstands\u00e4mter nach \u00a7 10,<\/p><p>3.die Entgegennahme des Jahresberichts und der Jahresabrechnung,<\/p><p>4.die Beschlu\u00dffassung \u00fcber die Entlastung des Vorstandes und der Kassenf\u00fchrung,<\/p><p>5.die Wahl der Kassenpr\u00fcfer f\u00fcr die Dauer von zwei Jahren,<\/p><p>6.die Beschlu\u00dffassung \u00fcber Satzungs\u00e4nderungen,<\/p><p>7.die Beschlu\u00dffassung \u00fcber eingebrachte Antr\u00e4ge,<\/p><p>8.die Festsetzung der Mitgliedsbeitr\u00e4ge,<\/p><p>9.die Entscheidung \u00fcber Beschwerden gegen Vor\u00adstandsbeschl\u00fcsse und<\/p><p>10.die sonst in der Satzung oder gesetzlich der Mitglieder-<br \/>versammlung \u00fcbertragenen Aufgaben.<\/p><ul><li><strong> 10<\/strong><\/li><\/ul><p><strong>Der Vorstand<\/strong><\/p><p>Der Vorstand besteht aus dem Ersten Vorsitzenden, dem Zweiten Vorsitzenden, dem Ersten Kassierer und dem Schriftf\u00fchrer.<\/p><p>Zum Gesamtvorstand geh\u00f6ren weiterhin:<\/p><p>Der Zweite Kassierer<\/p><p>Der Jugendleiter<\/p><p>Drei Beisitzer<\/p><p>Dem erweiterten Vorstand geh\u00f6ren die Weiherwarte, Gew\u00e4sserwarte und Stegwarte an.<\/p><p>1.Der Vorstand wird, um eine kontinuierliche Vereinsarbeit zu gew\u00e4hrleisten, jeweils zur H\u00e4lfte von der Mitgliederversammlung f\u00fcr die Dauer von zwei Jahren gew\u00e4hlt. F\u00fcr die Aufteilung ist folgender Schl\u00fcssel anzuwenden:<br \/>1. H\u00e4lfte:<\/p><p>1.Vorsitzender<br \/>\u00a0\u00a0\u00a0\u00a0\u00a0\u00a0\u00a0\u00a0\u00a0\u00a0\u00a0\u00a0 1.Kassierer<br \/>\u00a0\u00a0\u00a0\u00a0\u00a0\u00a0\u00a0\u00a0\u00a0\u00a0\u00a0\u00a0 2 Beisitzer<br \/>\u00a0\u00a0\u00a0\u00a0\u00a0\u00a0\u00a0\u00a0\u00a0\u00a0\u00a0\u00a0 1 Weiherwart<br \/>\u00a0\u00a0\u00a0\u00a0\u00a0\u00a0\u00a0\u00a0\u00a0\u00a0\u00a0\u00a0 1 Kassenpr\u00fcfer<\/p><ol start=\"2\"><li>H\u00e4lfte:<\/li><\/ol><p>2.Vorsitzender<br \/>\u00a0\u00a0\u00a0\u00a0\u00a0\u00a0\u00a0\u00a0\u00a0\u00a0\u00a0\u00a0 2.Kassierer<br \/>\u00a0\u00a0\u00a0\u00a0\u00a0\u00a0\u00a0\u00a0\u00a0\u00a0\u00a0\u00a0 Schriftf\u00fchrer<br \/>\u00a0\u00a0\u00a0\u00a0\u00a0\u00a0\u00a0\u00a0\u00a0\u00a0\u00a0\u00a0 Jugendleiter\u00a0<br \/>\u00a0\u00a0\u00a0\u00a0\u00a0\u00a0\u00a0\u00a0\u00a0\u00a0\u00a0\u00a0 1 Beisitzer<br \/>\u00a0\u00a0\u00a0\u00a0\u00a0\u00a0\u00a0\u00a0\u00a0\u00a0\u00a0\u00a0 1 Weiherwart<br \/>\u00a0\u00a0\u00a0\u00a0\u00a0\u00a0\u00a0\u00a0\u00a0\u00a0\u00a0\u00a0 1 Kassenpr\u00fcfer<\/p><p>2.Der 1.Vorsitzende vertritt den Verein nach innen und au\u00dfen. Im Verhinderungsfall nimmt der 2.Vorsitzende seine Stelle ein.<\/p><p>3.Die T\u00e4tigkeit der Vorstandsmitglieder ist ehrenamtlich. Sie erhalten Auslagenersatz und gegebenenfalls Ersatz f\u00fcr eventuellen Verdienstausfall. Reisekosten werden nach Ma\u00dfgabe der steuerlichen Bestimmungen erstattet.<\/p><ol start=\"4\"><li>Der Vorstand ist berechtigt, jederzeit zur Erf\u00fcllung seiner Aufgaben geeignete Mitglieder hinzuzuziehen. Erstattung von Reisekosten und Auslagenersatz und gegebenenfalls Ersatz von Verdienstausfall erfolgen wie unter Punkt 3.<\/li><\/ol><ul><li><strong> 11<\/strong><\/li><\/ul><p><strong>Schriftf\u00fchrung<\/strong><\/p><p>Der Schriftf\u00fchrer leitet alle erforderlichen schriftlichen Arbeiten und ist verpflichtet, \u00fcber alle Vorstandssitzungen und Versammlungen ein Protokoll zu f\u00fchren. Die Protokolle sind vom Versammlungsleiter und vom Protokollf\u00fchrer zu unterzeichnen.<\/p><ul><li><strong> 12<\/strong><\/li><\/ul><p><strong>Kassenf\u00fchrung<\/strong><\/p><p>Der 1. und 2. Kassierer sind f\u00fcr die finanzielle Verwaltung des Vereins zust\u00e4ndig.<br \/>1.Sie verwalten das Verm\u00f6gen nach Absprache mit den Mitgliedern des Vorstandes.<br \/>2.Die Kassierer f\u00fchren die finanziellen Beschl\u00fcsse des Vorstandes und der Mitgliederversammlung aus.<br \/>3.Die Kassierer sind verpflichtet die Einnahmen und Ausgaben ordnungsgem\u00e4\u00df nach Belegen zu verbuchen.<br \/>4.Die Kassierer erstellen am Ende des Gesch\u00e4ftsjahres unter Ber\u00fccksichtigung der vereinsrechtlichen und steuerrechtlichen Belange den Jahresabschlu\u00df.<\/p><ul><li><strong> 13<\/strong><\/li><\/ul><p><strong>Kassenpr\u00fcfung<\/strong><\/p><p>Die Kassenpr\u00fcfer pr\u00fcfen anhand des Jahresabschlusses die Einnahmen und Ausgaben auf ordnungsgem\u00e4\u00dfe Verbuchung und Vollst\u00e4ndigkeit der Belege. Die Kassenpr\u00fcfer erstatten der Mitgliederversammlung einen Pr\u00fcfungsbericht.<\/p><ul><li><strong> 14<\/strong><\/li><\/ul><p><strong>Aussch\u00fcsse<br \/><\/strong>F\u00fcr besondere Angelegenheiten kann der Vorstand oder die Mitgliederversammlung die Bildung von Aussch\u00fcssen beschlie\u00dfen. Die Aussch\u00fcsse sind dem Vorstand gegen\u00fcber verantwortlich. Die Ausschu\u00dfmitglieder erhalten ihre Aufwendungen ersetzt. \u00a710, Absatz 3 der Satzung ist entsprechend anzuwenden.<\/p><ul><li><strong>15<\/strong><\/li><\/ul><p><strong>Ehrungen, Ehrenmitgliedschaft<\/strong><\/p><p>Nach zehnj\u00e4hriger ununterbrochener Mitgliedschaft wird die bronzene Ehrennadel verliehen.<\/p><p>Nach 25-j\u00e4hriger ununterbrochener Mitgliedschaft wird die silberne Ehrennadel verliehen.<\/p><p>Nach 40-j\u00e4hriger Mitgliedschaft wird die goldene Ehrennadel verliehen.<\/p><p>Auf Grund besonderer Verdienste kann auf Antrag die silberne oder goldene Ehrennadel unabh\u00e4ngig von der Dauer der Mitgliedschaft verliehen werden.<\/p><p>Mitglieder des FV, die sich durch besondere Aktivit\u00e4ten oder langj\u00e4hrige Mitgliedschaft Verdienste erworben haben, k\u00f6nnen vom Vorstand auf Antrag zu Ehrenmitgliedern ernannt werden.<\/p><ul><li><strong> 16<\/strong><\/li><\/ul><p><strong>Aufl\u00f6sung des FV<\/strong><\/p><p>Die Aufl\u00f6sung ist nur durch Beschlu\u00df der Mitgliederversammlung mit einer Dreiviertelmehrheit der anwesenden Mitglieder m\u00f6glich.<\/p><p>Das bei der Aufl\u00f6sung des FV oder Wegfall seines bisherigen Zwecks vorhandene Verm\u00f6gen wird der Gemeinde Schw\u00f6rstadt zur treuh\u00e4nderischen Verwaltung bis zur Neugr\u00fcndung eines Fischervereins in Schw\u00f6rstadt zur Verf\u00fcgung gestellt.<\/p>\t\t\t\t\t<\/div>\n\t\t\t\t\t\t<\/div>\n\t\t\t\t<\/div>\n\t\t\t\t\t\t<\/div>\n\t\t\t\t\t<\/div>\n\t\t<\/div>\n\t\t\t\t\t\t\t\t<\/div>\n\t\t\t\t\t<\/div>\n\t\t<\/section>\n\t\t\t\t\t\t<\/div>\n\t\t\t\t\t\t<\/div>\n\t\t\t\t\t<\/div>\n\t\t","protected":false},"excerpt":{"rendered":"<p>Satzung Auszug aus der Satzung des Fischerverein Schw\u00f6rstadt e. V. (Angaben ohne Gew\u00e4hr) 1 Name, Sitz, Gesch\u00e4ftsjahr\u00a0 Der Verein f\u00fchrt den Namen\u00a0Fischerverein Schw\u00f6rstadt e.V., nachfolgend FV genannt. Der Verein hat seinen Sitz in Schw\u00f6rstadt und ist im Vereinsregister eingetragen. Das Gesch\u00e4ftsjahr beginnt am 01.12. und endet am 30.11. des Folgejahres. Gr\u00fcndungstag ist der 18.Juli 1967\u00a0 [&hellip;]<\/p>\n","protected":false},"author":1,"featured_media":0,"parent":0,"menu_order":0,"comment_status":"closed","ping_status":"closed","template":"","meta":{"ocean_post_layout":"full-screen","ocean_both_sidebars_style":"","ocean_both_sidebars_content_width":0,"ocean_both_sidebars_sidebars_width":0,"ocean_sidebar":"0","ocean_second_sidebar":"0","ocean_disable_margins":"enable","ocean_add_body_class":"","ocean_shortcode_before_top_bar":"","ocean_shortcode_after_top_bar":"","ocean_shortcode_before_header":"","ocean_shortcode_after_header":"","ocean_has_shortcode":"","ocean_shortcode_after_title":"","ocean_shortcode_before_footer_widgets":"","ocean_shortcode_after_footer_widgets":"","ocean_shortcode_before_footer_bottom":"","ocean_shortcode_after_footer_bottom":"","ocean_display_top_bar":"default","ocean_display_header":"default","ocean_header_style":"","ocean_center_header_left_menu":"0","ocean_custom_header_template":"0","ocean_custom_logo":0,"ocean_custom_retina_logo":0,"ocean_custom_logo_max_width":0,"ocean_custom_logo_tablet_max_width":0,"ocean_custom_logo_mobile_max_width":0,"ocean_custom_logo_max_height":0,"ocean_custom_logo_tablet_max_height":0,"ocean_custom_logo_mobile_max_height":0,"ocean_header_custom_menu":"0","ocean_menu_typo_font_family":"0","ocean_menu_typo_font_subset":"","ocean_menu_typo_font_size":0,"ocean_menu_typo_font_size_tablet":0,"ocean_menu_typo_font_size_mobile":0,"ocean_menu_typo_font_size_unit":"px","ocean_menu_typo_font_weight":"","ocean_menu_typo_font_weight_tablet":"","ocean_menu_typo_font_weight_mobile":"","ocean_menu_typo_transform":"","ocean_menu_typo_transform_tablet":"","ocean_menu_typo_transform_mobile":"","ocean_menu_typo_line_height":0,"ocean_menu_typo_line_height_tablet":0,"ocean_menu_typo_line_height_mobile":0,"ocean_menu_typo_line_height_unit":"","ocean_menu_typo_spacing":0,"ocean_menu_typo_spacing_tablet":0,"ocean_menu_typo_spacing_mobile":0,"ocean_menu_typo_spacing_unit":"","ocean_menu_link_color":"","ocean_menu_link_color_hover":"","ocean_menu_link_color_active":"","ocean_menu_link_background":"","ocean_menu_link_hover_background":"","ocean_menu_link_active_background":"","ocean_menu_social_links_bg":"","ocean_menu_social_hover_links_bg":"","ocean_menu_social_links_color":"","ocean_menu_social_hover_links_color":"","ocean_disable_title":"on","ocean_disable_heading":"default","ocean_post_title":"","ocean_post_subheading":"","ocean_post_title_style":"","ocean_post_title_background_color":"","ocean_post_title_background":0,"ocean_post_title_bg_image_position":"","ocean_post_title_bg_image_attachment":"","ocean_post_title_bg_image_repeat":"","ocean_post_title_bg_image_size":"","ocean_post_title_height":0,"ocean_post_title_bg_overlay":0.5,"ocean_post_title_bg_overlay_color":"","ocean_disable_breadcrumbs":"default","ocean_breadcrumbs_color":"","ocean_breadcrumbs_separator_color":"","ocean_breadcrumbs_links_color":"","ocean_breadcrumbs_links_hover_color":"","ocean_display_footer_widgets":"default","ocean_display_footer_bottom":"default","ocean_custom_footer_template":"0","footnotes":""},"_links":{"self":[{"href":"https:\/\/www.fischerverein-schwoerstadt.de\/startseite\/wp-json\/wp\/v2\/pages\/132"}],"collection":[{"href":"https:\/\/www.fischerverein-schwoerstadt.de\/startseite\/wp-json\/wp\/v2\/pages"}],"about":[{"href":"https:\/\/www.fischerverein-schwoerstadt.de\/startseite\/wp-json\/wp\/v2\/types\/page"}],"author":[{"embeddable":true,"href":"https:\/\/www.fischerverein-schwoerstadt.de\/startseite\/wp-json\/wp\/v2\/users\/1"}],"replies":[{"embeddable":true,"href":"https:\/\/www.fischerverein-schwoerstadt.de\/startseite\/wp-json\/wp\/v2\/comments?post=132"}],"version-history":[{"count":7,"href":"https:\/\/www.fischerverein-schwoerstadt.de\/startseite\/wp-json\/wp\/v2\/pages\/132\/revisions"}],"predecessor-version":[{"id":989,"href":"https:\/\/www.fischerverein-schwoerstadt.de\/startseite\/wp-json\/wp\/v2\/pages\/132\/revisions\/989"}],"wp:attachment":[{"href":"https:\/\/www.fischerverein-schwoerstadt.de\/startseite\/wp-json\/wp\/v2\/media?parent=132"}],"curies":[{"name":"wp","href":"https:\/\/api.w.org\/{rel}","templated":true}]}}