{"id":136,"date":"2020-05-23T22:29:03","date_gmt":"2020-05-23T20:29:03","guid":{"rendered":"http:\/\/www.fischerverein-schwoerstadt.de\/?page_id=136"},"modified":"2023-01-28T22:40:48","modified_gmt":"2023-01-28T21:40:48","slug":"schonzeiten","status":"publish","type":"page","link":"https:\/\/www.fischerverein-schwoerstadt.de\/startseite\/schonzeiten\/","title":{"rendered":"Schonzeiten"},"content":{"rendered":"\t\t<div data-elementor-type=\"wp-page\" data-elementor-id=\"136\" class=\"elementor elementor-136\" data-elementor-settings=\"[]\">\n\t\t\t\t\t\t<div class=\"elementor-inner\">\n\t\t\t\t\t\t\t<div class=\"elementor-section-wrap\">\n\t\t\t\t\t\t\t<section class=\"elementor-section elementor-top-section elementor-element elementor-element-21d4d321 elementor-section-boxed elementor-section-height-default elementor-section-height-default\" data-id=\"21d4d321\" data-element_type=\"section\" data-settings=\"{&quot;background_background&quot;:&quot;classic&quot;}\">\n\t\t\t\t\t\t\t<div class=\"elementor-background-overlay\"><\/div>\n\t\t\t\t\t\t\t<div class=\"elementor-container elementor-column-gap-default\">\n\t\t\t\t\t\t\t<div class=\"elementor-row\">\n\t\t\t\t\t<div class=\"elementor-column elementor-col-50 elementor-top-column elementor-element elementor-element-7c423687\" data-id=\"7c423687\" data-element_type=\"column\">\n\t\t\t<div class=\"elementor-column-wrap\">\n\t\t\t\t\t\t\t<div class=\"elementor-widget-wrap\">\n\t\t\t\t\t\t\t\t<\/div>\n\t\t\t\t\t<\/div>\n\t\t<\/div>\n\t\t\t\t<div class=\"elementor-column elementor-col-50 elementor-top-column elementor-element elementor-element-28d1e3e6\" data-id=\"28d1e3e6\" data-element_type=\"column\">\n\t\t\t<div class=\"elementor-column-wrap elementor-element-populated\">\n\t\t\t\t\t\t\t<div class=\"elementor-widget-wrap\">\n\t\t\t\t\t\t<div class=\"elementor-element elementor-element-4e8333a4 animated-slow elementor-invisible elementor-widget elementor-widget-heading\" data-id=\"4e8333a4\" data-element_type=\"widget\" data-settings=\"{&quot;_animation&quot;:&quot;fadeInDown&quot;}\" data-widget_type=\"heading.default\">\n\t\t\t\t<div class=\"elementor-widget-container\">\n\t\t\t<h2 class=\"elementor-heading-title elementor-size-large\">Schonzeit<\/h2>\t\t<\/div>\n\t\t\t\t<\/div>\n\t\t\t\t\t\t<\/div>\n\t\t\t\t\t<\/div>\n\t\t<\/div>\n\t\t\t\t\t\t\t\t<\/div>\n\t\t\t\t\t<\/div>\n\t\t<\/section>\n\t\t\t\t<section class=\"elementor-section elementor-top-section elementor-element elementor-element-7b6d67f elementor-section-boxed elementor-section-height-default elementor-section-height-default\" data-id=\"7b6d67f\" data-element_type=\"section\">\n\t\t\t\t\t\t<div class=\"elementor-container elementor-column-gap-default\">\n\t\t\t\t\t\t\t<div class=\"elementor-row\">\n\t\t\t\t\t<div class=\"elementor-column elementor-col-100 elementor-top-column elementor-element elementor-element-b2a9f3e\" data-id=\"b2a9f3e\" data-element_type=\"column\">\n\t\t\t<div class=\"elementor-column-wrap elementor-element-populated\">\n\t\t\t\t\t\t\t<div class=\"elementor-widget-wrap\">\n\t\t\t\t\t\t<section class=\"elementor-section elementor-inner-section elementor-element elementor-element-d049a02 elementor-section-boxed elementor-section-height-default elementor-section-height-default\" data-id=\"d049a02\" data-element_type=\"section\">\n\t\t\t\t\t\t<div class=\"elementor-container elementor-column-gap-default\">\n\t\t\t\t\t\t\t<div class=\"elementor-row\">\n\t\t\t\t\t<div class=\"elementor-column elementor-col-50 elementor-inner-column elementor-element elementor-element-276aaad\" data-id=\"276aaad\" data-element_type=\"column\">\n\t\t\t<div class=\"elementor-column-wrap elementor-element-populated\">\n\t\t\t\t\t\t\t<div class=\"elementor-widget-wrap\">\n\t\t\t\t\t\t<div class=\"elementor-element elementor-element-bdd851d elementor-widget elementor-widget-text-editor\" data-id=\"bdd851d\" data-element_type=\"widget\" data-widget_type=\"text-editor.default\">\n\t\t\t\t<div class=\"elementor-widget-container\">\n\t\t\t\t\t\t\t\t<div class=\"elementor-text-editor elementor-clearfix\">\n\t\t\t\t<p style=\"text-align: center;\" align=\"center\"><strong>Aal<br \/><span style=\"color: #008000;\"><span style=\"color: #004080;\">15.09.-01.03.<br \/>50cm<\/span><\/span><\/strong><\/p><p align=\"center\"><strong>\u00c4sche im Hochrhein<br \/><span style=\"color: #008000;\"><span style=\"color: #004080;\">01.02.-30.09.<br \/>35cm<\/span><br \/><\/span><\/strong><strong><br \/>Bachforelle im Hochrhein<br \/><span style=\"color: #004080;\">01.10.-28.02.<br \/>35cm<\/span><\/strong><\/p><p align=\"center\"><strong>Barbe<br \/><span style=\"color: #004080;\">01.05.-15.06.<br \/>40cm<\/span><\/strong><\/p><p align=\"center\"><strong>Felchen<br \/><span style=\"color: #004080;\">15.10.-10.01.<br \/>30cm<\/span><\/strong><\/p><p align=\"center\"><strong>Hecht<br \/><span style=\"color: #004080;\">15.02.-15.05.<br \/>50cm<\/span><\/strong><\/p>\t\t\t\t\t<\/div>\n\t\t\t\t\t\t<\/div>\n\t\t\t\t<\/div>\n\t\t\t\t\t\t<\/div>\n\t\t\t\t\t<\/div>\n\t\t<\/div>\n\t\t\t\t<div class=\"elementor-column elementor-col-50 elementor-inner-column elementor-element elementor-element-70347bc\" data-id=\"70347bc\" data-element_type=\"column\">\n\t\t\t<div class=\"elementor-column-wrap elementor-element-populated\">\n\t\t\t\t\t\t\t<div class=\"elementor-widget-wrap\">\n\t\t\t\t\t\t<div class=\"elementor-element elementor-element-f212cc2 elementor-widget elementor-widget-text-editor\" data-id=\"f212cc2\" data-element_type=\"widget\" data-widget_type=\"text-editor.default\">\n\t\t\t\t<div class=\"elementor-widget-container\">\n\t\t\t\t\t\t\t\t<div class=\"elementor-text-editor elementor-clearfix\">\n\t\t\t\t<p align=\"center\"><strong>Karpfen<br \/><span style=\"color: #004080;\">keine<br \/>35cm<\/span><\/strong><\/p><p align=\"center\"><strong><span style=\"color: #008000;\"><span style=\"color: #000000;\">Nase<br \/><\/span><\/span><span style=\"color: #004080;\">15.03.-31.05.<br \/>40cm<\/span><\/strong><\/p><p align=\"center\"><strong><span style=\"color: #008000;\"><span style=\"color: #000000;\">Regenbogenforelle<br \/><\/span><\/span><span style=\"color: #004080;\">01.10.-28.02.<br \/>ohne<\/span><\/strong><\/p><p align=\"center\"><strong><span style=\"color: #008000;\"><span style=\"color: #ffffff;\"><span style=\"color: #000000;\">Schleie<\/span><br \/><\/span><\/span><span style=\"color: #004080;\">15.05.-30.06.<br \/>25cm<\/span><\/strong><\/p><p align=\"center\"><strong><span style=\"color: #008000;\"><span style=\"color: #000000;\">Zander<br \/><\/span><\/span><span style=\"color: #004080;\">01.04.-15.05.<br \/>50cm<\/span><\/strong><\/p><p align=\"center\"><strong><span style=\"color: #008000;\"><span style=\"color: #ffffff;\"><span style=\"color: #000000;\">Steinkrebs<\/span><br \/><\/span><\/span><span style=\"color: #004080;\">01.10.-10.07.<br \/>8cm<\/span><\/strong><\/p>\t\t\t\t\t<\/div>\n\t\t\t\t\t\t<\/div>\n\t\t\t\t<\/div>\n\t\t\t\t\t\t<\/div>\n\t\t\t\t\t<\/div>\n\t\t<\/div>\n\t\t\t\t\t\t\t\t<\/div>\n\t\t\t\t\t<\/div>\n\t\t<\/section>\n\t\t\t\t<div class=\"elementor-element elementor-element-3cf9048 elementor-view-default elementor-widget elementor-widget-icon\" data-id=\"3cf9048\" data-element_type=\"widget\" data-widget_type=\"icon.default\">\n\t\t\t\t<div class=\"elementor-widget-container\">\n\t\t\t\t\t<div class=\"elementor-icon-wrapper\">\n\t\t\t<div class=\"elementor-icon\">\n\t\t\t<i aria-hidden=\"true\" class=\"fas fa-info\"><\/i>\t\t\t<\/div>\n\t\t<\/div>\n\t\t\t\t<\/div>\n\t\t\t\t<\/div>\n\t\t\t\t<div class=\"elementor-element elementor-element-9bef6b1 animated-slow elementor-invisible elementor-widget elementor-widget-text-editor\" data-id=\"9bef6b1\" data-element_type=\"widget\" data-settings=\"{&quot;_animation&quot;:&quot;fadeInRight&quot;,&quot;_animation_delay&quot;:400}\" data-widget_type=\"text-editor.default\">\n\t\t\t\t<div class=\"elementor-widget-container\">\n\t\t\t\t\t\t\t\t<div class=\"elementor-text-editor elementor-clearfix\">\n\t\t\t\t<ul><li>Gefangene untermassige oder der Schonzeit unterliegende Fische m\u00fcssen unverz\u00fcglich nach dem Fang sorgf\u00e4ltig aus den Fangger\u00e4ten gel\u00f6st und in das Wasser zur\u00fcckversetzt werden, wenn sie noch lebensf\u00e4hig sind.<\/li><li>Markierte Fische sind unter Angabe der Fischart, der L\u00e4nge, des Gewichts, der Markenfarbe und ggf. der Nummer unverz\u00fcglich dem Verein anzuzeigen.<\/li><li style=\"text-align: left;\">Der Fang an Edel- oder Gutfischen ( alle Salmoniden, Hecht, Zander, Karpfen, Schleie ) darf insgesamt 5 St\u00fcck pro Tag nicht \u00fcbersteigen und nicht mehr als 150 pro Jahr betragen<\/li><\/ul>\t\t\t\t\t<\/div>\n\t\t\t\t\t\t<\/div>\n\t\t\t\t<\/div>\n\t\t\t\t<div class=\"elementor-element elementor-element-0f4bd17 elementor-widget-divider--view-line elementor-widget elementor-widget-divider\" data-id=\"0f4bd17\" data-element_type=\"widget\" data-widget_type=\"divider.default\">\n\t\t\t\t<div class=\"elementor-widget-container\">\n\t\t\t\t\t<div class=\"elementor-divider\">\n\t\t\t<span class=\"elementor-divider-separator\">\n\t\t\t\t\t\t<\/span>\n\t\t<\/div>\n\t\t\t\t<\/div>\n\t\t\t\t<\/div>\n\t\t\t\t<div class=\"elementor-element elementor-element-6717d7f animated-slow elementor-invisible elementor-widget elementor-widget-text-editor\" data-id=\"6717d7f\" data-element_type=\"widget\" data-settings=\"{&quot;_animation&quot;:&quot;fadeInRight&quot;,&quot;_animation_delay&quot;:500}\" data-widget_type=\"text-editor.default\">\n\t\t\t\t<div class=\"elementor-widget-container\">\n\t\t\t\t\t\t\t\t<div class=\"elementor-text-editor elementor-clearfix\">\n\t\t\t\t<p><strong><u>Schonbestimmungen f\u00fcr Rheinlose 11 \u2013 19<\/u><\/strong><\/p><p>Der Angler hat nachtr\u00e4gliche Versch\u00e4rfungen der Bestimmungen (Landesfischereiverordnung oder Allgemeinverf\u00fcgungen) zu beachten. Die \u00fcber die aktuellen allg. Bestimmungen (linke Spalte) hinausgehenden Festlegungen sind in der rechten Spalte vermerkt und unbedingt zu beachten. Wird das <strong>Fangbuch<\/strong> nicht korrekt gef\u00fchrt, oder gegen Bestimmungen versto\u00dfen wird der Erlaubnisschein eingezogen<\/p><p>Welse, Rapfen und alle nichteinheimischen Fischarten sind im Hochrhein grunds\u00e4tzlich zu entnehmen! F\u00fcr folgende Arten gilt ganzj\u00e4hrige Schonzeit: Alle Neunaugen, Schneider, Str\u00f6mer, Groppe, Lachs, Meerforelle, Atlantischer St\u00f6r, Wandermor\u00e4ne (Nordseeschn\u00e4pel), Maifisch, Finte, Frauennerfling, Z\u00e4hrte, Bitterling, Schlammpeitzger, Schr\u00e4tzer, Streber, Zingel, Dohlenkrebs, Steinkrebs, Flu\u00dfperl-, Flu\u00df- und Teichmuschel<\/p>\t\t\t\t\t<\/div>\n\t\t\t\t\t\t<\/div>\n\t\t\t\t<\/div>\n\t\t\t\t\t\t<\/div>\n\t\t\t\t\t<\/div>\n\t\t<\/div>\n\t\t\t\t\t\t\t\t<\/div>\n\t\t\t\t\t<\/div>\n\t\t<\/section>\n\t\t\t\t\t\t<\/div>\n\t\t\t\t\t\t<\/div>\n\t\t\t\t\t<\/div>\n\t\t","protected":false},"excerpt":{"rendered":"<p>Schonzeit Aal15.09.-01.03.50cm \u00c4sche im Hochrhein01.02.-30.09.35cmBachforelle im Hochrhein01.10.-28.02.35cm Barbe01.05.-15.06.40cm Felchen15.10.-10.01.30cm Hecht15.02.-15.05.50cm Karpfenkeine35cm Nase15.03.-31.05.40cm Regenbogenforelle01.10.-28.02.ohne Schleie15.05.-30.06.25cm Zander01.04.-15.05.50cm Steinkrebs01.10.-10.07.8cm Gefangene untermassige oder der Schonzeit unterliegende Fische m\u00fcssen unverz\u00fcglich nach dem Fang sorgf\u00e4ltig aus den Fangger\u00e4ten gel\u00f6st und in das Wasser zur\u00fcckversetzt werden, wenn sie noch lebensf\u00e4hig sind. Markierte Fische sind unter Angabe der Fischart, der L\u00e4nge, des Gewichts, [&hellip;]<\/p>\n","protected":false},"author":1,"featured_media":0,"parent":0,"menu_order":0,"comment_status":"closed","ping_status":"closed","template":"","meta":{"ocean_post_layout":"full-screen","ocean_both_sidebars_style":"","ocean_both_sidebars_content_width":0,"ocean_both_sidebars_sidebars_width":0,"ocean_sidebar":"0","ocean_second_sidebar":"0","ocean_disable_margins":"enable","ocean_add_body_class":"","ocean_shortcode_before_top_bar":"","ocean_shortcode_after_top_bar":"","ocean_shortcode_before_header":"","ocean_shortcode_after_header":"","ocean_has_shortcode":"","ocean_shortcode_after_title":"","ocean_shortcode_before_footer_widgets":"","ocean_shortcode_after_footer_widgets":"","ocean_shortcode_before_footer_bottom":"","ocean_shortcode_after_footer_bottom":"","ocean_display_top_bar":"default","ocean_display_header":"default","ocean_header_style":"","ocean_center_header_left_menu":"0","ocean_custom_header_template":"0","ocean_custom_logo":0,"ocean_custom_retina_logo":0,"ocean_custom_logo_max_width":0,"ocean_custom_logo_tablet_max_width":0,"ocean_custom_logo_mobile_max_width":0,"ocean_custom_logo_max_height":0,"ocean_custom_logo_tablet_max_height":0,"ocean_custom_logo_mobile_max_height":0,"ocean_header_custom_menu":"0","ocean_menu_typo_font_family":"0","ocean_menu_typo_font_subset":"","ocean_menu_typo_font_size":0,"ocean_menu_typo_font_size_tablet":0,"ocean_menu_typo_font_size_mobile":0,"ocean_menu_typo_font_size_unit":"px","ocean_menu_typo_font_weight":"","ocean_menu_typo_font_weight_tablet":"","ocean_menu_typo_font_weight_mobile":"","ocean_menu_typo_transform":"","ocean_menu_typo_transform_tablet":"","ocean_menu_typo_transform_mobile":"","ocean_menu_typo_line_height":0,"ocean_menu_typo_line_height_tablet":0,"ocean_menu_typo_line_height_mobile":0,"ocean_menu_typo_line_height_unit":"","ocean_menu_typo_spacing":0,"ocean_menu_typo_spacing_tablet":0,"ocean_menu_typo_spacing_mobile":0,"ocean_menu_typo_spacing_unit":"","ocean_menu_link_color":"","ocean_menu_link_color_hover":"","ocean_menu_link_color_active":"","ocean_menu_link_background":"","ocean_menu_link_hover_background":"","ocean_menu_link_active_background":"","ocean_menu_social_links_bg":"","ocean_menu_social_hover_links_bg":"","ocean_menu_social_links_color":"","ocean_menu_social_hover_links_color":"","ocean_disable_title":"on","ocean_disable_heading":"default","ocean_post_title":"","ocean_post_subheading":"","ocean_post_title_style":"","ocean_post_title_background_color":"","ocean_post_title_background":0,"ocean_post_title_bg_image_position":"","ocean_post_title_bg_image_attachment":"","ocean_post_title_bg_image_repeat":"","ocean_post_title_bg_image_size":"","ocean_post_title_height":0,"ocean_post_title_bg_overlay":0.5,"ocean_post_title_bg_overlay_color":"","ocean_disable_breadcrumbs":"default","ocean_breadcrumbs_color":"","ocean_breadcrumbs_separator_color":"","ocean_breadcrumbs_links_color":"","ocean_breadcrumbs_links_hover_color":"","ocean_display_footer_widgets":"default","ocean_display_footer_bottom":"default","ocean_custom_footer_template":"0","footnotes":""},"_links":{"self":[{"href":"https:\/\/www.fischerverein-schwoerstadt.de\/startseite\/wp-json\/wp\/v2\/pages\/136"}],"collection":[{"href":"https:\/\/www.fischerverein-schwoerstadt.de\/startseite\/wp-json\/wp\/v2\/pages"}],"about":[{"href":"https:\/\/www.fischerverein-schwoerstadt.de\/startseite\/wp-json\/wp\/v2\/types\/page"}],"author":[{"embeddable":true,"href":"https:\/\/www.fischerverein-schwoerstadt.de\/startseite\/wp-json\/wp\/v2\/users\/1"}],"replies":[{"embeddable":true,"href":"https:\/\/www.fischerverein-schwoerstadt.de\/startseite\/wp-json\/wp\/v2\/comments?post=136"}],"version-history":[{"count":18,"href":"https:\/\/www.fischerverein-schwoerstadt.de\/startseite\/wp-json\/wp\/v2\/pages\/136\/revisions"}],"predecessor-version":[{"id":779,"href":"https:\/\/www.fischerverein-schwoerstadt.de\/startseite\/wp-json\/wp\/v2\/pages\/136\/revisions\/779"}],"wp:attachment":[{"href":"https:\/\/www.fischerverein-schwoerstadt.de\/startseite\/wp-json\/wp\/v2\/media?parent=136"}],"curies":[{"name":"wp","href":"https:\/\/api.w.org\/{rel}","templated":true}]}}