{"id":143,"date":"2020-05-23T22:31:46","date_gmt":"2020-05-23T20:31:46","guid":{"rendered":"http:\/\/www.fischerverein-schwoerstadt.de\/?page_id=143"},"modified":"2023-01-28T22:27:00","modified_gmt":"2023-01-28T21:27:00","slug":"bootsfischerei","status":"publish","type":"page","link":"https:\/\/www.fischerverein-schwoerstadt.de\/startseite\/bootsfischerei\/","title":{"rendered":"Bootsfischerei"},"content":{"rendered":"\t\t<div data-elementor-type=\"wp-page\" data-elementor-id=\"143\" class=\"elementor elementor-143\" data-elementor-settings=\"[]\">\n\t\t\t\t\t\t<div class=\"elementor-inner\">\n\t\t\t\t\t\t\t<div class=\"elementor-section-wrap\">\n\t\t\t\t\t\t\t<section class=\"elementor-section elementor-top-section elementor-element elementor-element-21d4d321 elementor-section-boxed elementor-section-height-default elementor-section-height-default\" data-id=\"21d4d321\" data-element_type=\"section\" data-settings=\"{&quot;background_background&quot;:&quot;classic&quot;}\">\n\t\t\t\t\t\t\t<div class=\"elementor-background-overlay\"><\/div>\n\t\t\t\t\t\t\t<div class=\"elementor-container elementor-column-gap-default\">\n\t\t\t\t\t\t\t<div class=\"elementor-row\">\n\t\t\t\t\t<div class=\"elementor-column elementor-col-50 elementor-top-column elementor-element elementor-element-7c423687\" data-id=\"7c423687\" data-element_type=\"column\">\n\t\t\t<div class=\"elementor-column-wrap\">\n\t\t\t\t\t\t\t<div class=\"elementor-widget-wrap\">\n\t\t\t\t\t\t\t\t<\/div>\n\t\t\t\t\t<\/div>\n\t\t<\/div>\n\t\t\t\t<div class=\"elementor-column elementor-col-50 elementor-top-column elementor-element elementor-element-28d1e3e6\" data-id=\"28d1e3e6\" data-element_type=\"column\">\n\t\t\t<div class=\"elementor-column-wrap elementor-element-populated\">\n\t\t\t\t\t\t\t<div class=\"elementor-widget-wrap\">\n\t\t\t\t\t\t<div class=\"elementor-element elementor-element-4e8333a4 animated-slow elementor-invisible elementor-widget elementor-widget-heading\" data-id=\"4e8333a4\" data-element_type=\"widget\" data-settings=\"{&quot;_animation&quot;:&quot;fadeInDown&quot;}\" data-widget_type=\"heading.default\">\n\t\t\t\t<div class=\"elementor-widget-container\">\n\t\t\t<h2 class=\"elementor-heading-title elementor-size-large\">Bootsfischerei<\/h2>\t\t<\/div>\n\t\t\t\t<\/div>\n\t\t\t\t\t\t<\/div>\n\t\t\t\t\t<\/div>\n\t\t<\/div>\n\t\t\t\t\t\t\t\t<\/div>\n\t\t\t\t\t<\/div>\n\t\t<\/section>\n\t\t\t\t<section class=\"elementor-section elementor-top-section elementor-element elementor-element-e7f9b0c elementor-section-boxed elementor-section-height-default elementor-section-height-default\" data-id=\"e7f9b0c\" data-element_type=\"section\">\n\t\t\t\t\t\t<div class=\"elementor-container elementor-column-gap-default\">\n\t\t\t\t\t\t\t<div class=\"elementor-row\">\n\t\t\t\t\t<div class=\"elementor-column elementor-col-100 elementor-top-column elementor-element elementor-element-12cb7e7\" data-id=\"12cb7e7\" data-element_type=\"column\">\n\t\t\t<div class=\"elementor-column-wrap elementor-element-populated\">\n\t\t\t\t\t\t\t<div class=\"elementor-widget-wrap\">\n\t\t\t\t\t\t<div class=\"elementor-element elementor-element-8a753d4 elementor-widget elementor-widget-text-editor\" data-id=\"8a753d4\" data-element_type=\"widget\" data-widget_type=\"text-editor.default\">\n\t\t\t\t<div class=\"elementor-widget-container\">\n\t\t\t\t\t\t\t\t<div class=\"elementor-text-editor elementor-clearfix\">\n\t\t\t\t<p align=\"center\"><span>Freigegebene Strecke vom Schloss Sch\u00f6nau (Rheinkilometer 139) bis Kl\u00e4ranlage (Rheinkilometer141,3)<\/span><\/p>\t\t\t\t\t<\/div>\n\t\t\t\t\t\t<\/div>\n\t\t\t\t<\/div>\n\t\t\t\t<div class=\"elementor-element elementor-element-ba57b2f elementor-widget elementor-widget-image\" data-id=\"ba57b2f\" data-element_type=\"widget\" data-widget_type=\"image.default\">\n\t\t\t\t<div class=\"elementor-widget-container\">\n\t\t\t\t\t\t\t\t<div class=\"elementor-image\">\n\t\t\t\t\t\t\t\t\t\t\t\t<img loading=\"lazy\" decoding=\"async\" width=\"1024\" height=\"431\" src=\"https:\/\/www.fischerverein-schwoerstadt.de\/wp-content\/uploads\/2023\/01\/Bootsfischen_Rhein_Neu2023-1024x431.jpg\" class=\"attachment-large size-large\" alt=\"\" srcset=\"https:\/\/www.fischerverein-schwoerstadt.de\/wp-content\/uploads\/2023\/01\/Bootsfischen_Rhein_Neu2023-1024x431.jpg 1024w, https:\/\/www.fischerverein-schwoerstadt.de\/wp-content\/uploads\/2023\/01\/Bootsfischen_Rhein_Neu2023-300x126.jpg 300w, https:\/\/www.fischerverein-schwoerstadt.de\/wp-content\/uploads\/2023\/01\/Bootsfischen_Rhein_Neu2023-768x323.jpg 768w, https:\/\/www.fischerverein-schwoerstadt.de\/wp-content\/uploads\/2023\/01\/Bootsfischen_Rhein_Neu2023-1536x646.jpg 1536w, https:\/\/www.fischerverein-schwoerstadt.de\/wp-content\/uploads\/2023\/01\/Bootsfischen_Rhein_Neu2023-2048x861.jpg 2048w\" sizes=\"(max-width: 1024px) 100vw, 1024px\" \/>\t\t\t\t\t\t\t\t\t\t\t\t\t\t<\/div>\n\t\t\t\t\t\t<\/div>\n\t\t\t\t<\/div>\n\t\t\t\t<div class=\"elementor-element elementor-element-3007e71 elementor-view-default elementor-widget elementor-widget-icon\" data-id=\"3007e71\" data-element_type=\"widget\" data-widget_type=\"icon.default\">\n\t\t\t\t<div class=\"elementor-widget-container\">\n\t\t\t\t\t<div class=\"elementor-icon-wrapper\">\n\t\t\t<div class=\"elementor-icon\">\n\t\t\t<i aria-hidden=\"true\" class=\"fas fa-info\"><\/i>\t\t\t<\/div>\n\t\t<\/div>\n\t\t\t\t<\/div>\n\t\t\t\t<\/div>\n\t\t\t\t<div class=\"elementor-element elementor-element-22011ae elementor-widget elementor-widget-heading\" data-id=\"22011ae\" data-element_type=\"widget\" data-widget_type=\"heading.default\">\n\t\t\t\t<div class=\"elementor-widget-container\">\n\t\t\t<h2 class=\"elementor-heading-title elementor-size-xl\">Vorschriften<\/h2>\t\t<\/div>\n\t\t\t\t<\/div>\n\t\t\t\t<div class=\"elementor-element elementor-element-3579e80 elementor-widget elementor-widget-text-editor\" data-id=\"3579e80\" data-element_type=\"widget\" data-widget_type=\"text-editor.default\">\n\t\t\t\t<div class=\"elementor-widget-container\">\n\t\t\t\t\t\t\t\t<div class=\"elementor-text-editor elementor-clearfix\">\n\t\t\t\t<ul><li><p><i><strong><u>Die Bootsfischerei f\u00fcr Angler ist unter folgenden Bedingungen zugelassen<\/u><\/strong><\/i><\/p><ol><li><i>Die Bootsfischerei darf nur mit entsprechendem Zusatz auf dem Jahreserlaubnisschein (Angelkarte) ausge\u00fcbt werden. Wird ein Angler ohne diesen Zusatz beim Angeln vom Boot aus angetroffen, kann der Jahreserlaubnisschein eingezogen werden. Dies gilt ebenfalls bei Verst\u00f6\u00dfen gegen bestehende, allgemeine Fischereibestimmungen sowie die folgenden Zusatzbestimmungen. <\/i><\/li><li><i>Zwischen dem 1. November und dem 31. M\u00e4rz ist die Bootsfischerei f\u00fcr Angelfischer untersagt, in der \u00fcbrigen Zeit ist sie in den auf der R\u00fcckseite abgedruckten Bereichen erlaubt. <\/i><\/li><li><i>Die Bootsfischerei bei Nacht, d.h. eine Stunde nach Sonnenuntergang bis eine Stunde vor Sonnenaufgang, ist untersagt. <\/i><\/li><li><i>Die schifffahrtsrechtlichen Vorschriften auf dem Rhein sind grunds\u00e4tzlich zu beachten. Boote d\u00fcrfen nur an genehmigten Liegepl\u00e4tzen stillliegen. Boote d\u00fcrfen nur an ausgewiesenen Einwasserungsstellen (wie z.B. Slipanlagen) zu Wasser gelassen und wieder entnommen werden. Best\u00e4nde von Wasserpflanzen d\u00fcrfen nicht befahren werden. <\/i><\/li><li><i>F\u00fcr die Aus\u00fcbung der Bootsfischerei durch Angelfischer sind nur Boote mit einem von der zust\u00e4ndigen deutschen Beh\u00f6rde zugeteilten amtlichen Kennzeichen zugelassen. D.h. Boote ohne Maschinenantrieb unter 2,5 m L\u00e4nge, kleine Paddelboote usw. sowie Gummiboote oder andere Schwimmk\u00f6rper sind nicht zugelassen. Das Kennzeichen muss auf beiden Seiten des Fahrzeuges entsprechend der Vorschriften gut sichtbar angebracht sein. <\/i><\/li><li><i>Bootsfischer haben sich auf Aufforderung durch Kontrollberechtigte und Fischereiaufseher unverz\u00fcglich auf dem k\u00fcrzesten zumutbaren Weg zur Kontrolle ans Ufer zu begeben. <\/i><\/li><li><i>Netz- und Reusenfischer d\u00fcrfen bei der Aus\u00fcbung der Fischerei durch Angelfischer nicht behindert werden. Insbesondere ist auf die ausgelegten Fangger\u00e4te der Berufsfischer (Netze, Reusen, Leinen usw.) R\u00fccksicht zu nehmen. Beim Angeln mit der Wurfrute ist von Netzen und Reusen gem\u00e4\u00df \u00a73 Abs. 5 Landesfischereiverordnung ein Abstand von mindestens 50 m einzuhalten. Die bekannten oder markierten Fangpl\u00e4tze der Netz- und Reusenfischer sind zu meiden bzw., sofern diese nicht sofort als solche erkannt wurden, unverz\u00fcglich nach Erkennen zu verlassen<\/i><\/li><\/ol><\/li><\/ul>\t\t\t\t\t<\/div>\n\t\t\t\t\t\t<\/div>\n\t\t\t\t<\/div>\n\t\t\t\t<div class=\"elementor-element elementor-element-526927b elementor-widget elementor-widget-text-editor\" data-id=\"526927b\" data-element_type=\"widget\" data-widget_type=\"text-editor.default\">\n\t\t\t\t<div class=\"elementor-widget-container\">\n\t\t\t\t\t\t\t\t<div class=\"elementor-text-editor elementor-clearfix\">\n\t\t\t\t<p><i><strong><u>Grenzen der Einzellose und f\u00fcr die Bootsfischerei freigegebenen Rheinabschnitte<\/u><\/strong><\/i><\/p><p><i><strong><u>\u00a0<\/u><\/strong><\/i><\/p><table width=\"961\"><tbody><tr><td width=\"92\"><p><i><strong>Los Nr.<\/strong><\/i><\/p><\/td><td width=\"312\"><p><i><strong>Von<\/strong><\/i><\/p><\/td><td width=\"265\"><p><i><strong>Bis<\/strong><\/i><\/p><\/td><td width=\"293\"><p><i><strong>Info<\/strong><\/i><\/p><\/td><\/tr><tr><td width=\"92\"><p><i><strong>11<\/strong><\/i><\/p><\/td><td width=\"312\"><p><i><strong>Laufenbr\u00fccke Laufenburg (Fussg\u00e4ngerbr\u00fccke)<\/strong><\/i><\/p><\/td><td width=\"265\"><p><i><strong>Kraftwerk Laufenburg<\/strong><\/i><\/p><\/td><td width=\"293\"><p><i><strong>ganz freigegeben<\/strong><\/i><\/p><\/td><\/tr><tr><td width=\"92\"><p><i><strong>12<\/strong><\/i><\/p><\/td><td width=\"312\"><p><i><strong>Kraftwerk Laufenburg<\/strong><\/i><\/p><\/td><td width=\"265\"><p><i><strong>Rothausgraben<\/strong><\/i><\/p><\/td><td width=\"293\"><p><i><strong>Komplett gesperrt<\/strong><\/i><\/p><\/td><\/tr><tr><td width=\"92\"><p><i><strong>13<\/strong><\/i><\/p><\/td><td width=\"312\"><p><i><strong>Rothausgraben<\/strong><\/i><\/p><\/td><td width=\"265\"><p><i><strong>Kraftwerk Bad S\u00e4ckingen<\/strong><\/i><\/p><\/td><td width=\"293\"><p><i><strong>ganz freigegeben<\/strong><\/i><\/p><\/td><\/tr><tr><td width=\"92\"><p><i><strong>14<\/strong><\/i><\/p><\/td><td width=\"312\"><p><i><strong>Kraftwerk Bad S\u00e4ckingen<\/strong><\/i><\/p><\/td><td width=\"265\"><p><i><strong>Mumpferf\u00e4hre<\/strong><\/i><\/p><\/td><td width=\"293\"><p><i><strong>Komplett gesperrt<\/strong><\/i><\/p><\/td><\/tr><tr><td width=\"92\"><p><i><strong>\u00a015<\/strong><\/i><\/p><\/td><td width=\"312\"><p><i><strong>Mumpferf\u00e4hre<\/strong><\/i><\/p><\/td><td width=\"265\"><p><i><strong>Wehram\u00fcndung<\/strong><\/i><\/p><\/td><td width=\"293\"><p><i><strong>ganz freigegeben<\/strong><\/i><\/p><\/td><\/tr><tr><td width=\"92\"><p><i><strong>16<\/strong><\/i><\/p><\/td><td width=\"312\"><p><i><strong>Wehram\u00fcndung<\/strong><\/i><\/p><\/td><td width=\"265\"><p><i><strong>Kraftwerk Schw\u00f6rstadt<\/strong><\/i><\/p><\/td><td width=\"293\"><p><i><strong>Vom Schloss Sch\u00f6nau bis 50m vor abzweigenden Umgehungsgew\u00e4sser Kraftwerk Ryburg Schw\u00f6rstadt<\/strong><\/i><\/p><\/td><\/tr><tr><td width=\"92\"><p><i><strong>17<\/strong><\/i><\/p><\/td><td width=\"312\"><p><i><strong>Kraftwerk Schw\u00f6rstadt<\/strong><\/i><\/p><\/td><td width=\"265\"><p><i><strong>Kraftwerk Rheinfelden<\/strong><\/i><\/p><\/td><td width=\"293\"><p><i><strong>Einlauf der ehemaligen Kl\u00e4ranlage Karsau Ist (Pumpwerk) ca.250 m oberhalb des Vereinsheimes des ASV Karsau bis zu der Wehr des Kraftwerks Rheinfelden<\/strong><\/i><\/p><p><i><strong>\u00a0<\/strong><\/i><\/p><\/td><\/tr><tr><td width=\"92\"><p><i><strong>18<\/strong><\/i><\/p><\/td><td width=\"312\"><p><i><strong>Kraftwerk Rheinfelden<\/strong><\/i><\/p><\/td><td width=\"265\"><p><i><strong>Kraftwerk Augst-Wyhlen<\/strong><\/i><\/p><\/td><td width=\"293\"><p><i><strong>Rheinbr\u00fccke in Rheinfelden bis zum &#8222;Negerd\u00f6rfle\u00b4\u00b4<\/strong><\/i><\/p><\/td><\/tr><tr><td width=\"92\"><p><i><strong>19<\/strong><\/i><\/p><\/td><td width=\"312\"><p><i><strong>Kraftwerk Augst-Wyhlen<\/strong><\/i><\/p><\/td><td width=\"265\"><p><i><strong>Landesgrenze Grenzach<\/strong><\/i><\/p><\/td><td width=\"293\"><p><i><strong>Schiffanlegestelle Schwimmbad Grenzach bis zum Losende<\/strong><\/i><\/p><p><i><strong>\u00a0<\/strong><\/i><\/p><\/td><\/tr><\/tbody><\/table>\t\t\t\t\t<\/div>\n\t\t\t\t\t\t<\/div>\n\t\t\t\t<\/div>\n\t\t\t\t\t\t<\/div>\n\t\t\t\t\t<\/div>\n\t\t<\/div>\n\t\t\t\t\t\t\t\t<\/div>\n\t\t\t\t\t<\/div>\n\t\t<\/section>\n\t\t\t\t\t\t<\/div>\n\t\t\t\t\t\t<\/div>\n\t\t\t\t\t<\/div>\n\t\t","protected":false},"excerpt":{"rendered":"<p>Bootsfischerei Freigegebene Strecke vom Schloss Sch\u00f6nau (Rheinkilometer 139) bis Kl\u00e4ranlage (Rheinkilometer141,3) Vorschriften Die Bootsfischerei f\u00fcr Angler ist unter folgenden Bedingungen zugelassen Die Bootsfischerei darf nur mit entsprechendem Zusatz auf dem Jahreserlaubnisschein (Angelkarte) ausge\u00fcbt werden. Wird ein Angler ohne diesen Zusatz beim Angeln vom Boot aus angetroffen, kann der Jahreserlaubnisschein eingezogen werden. Dies gilt ebenfalls bei [&hellip;]<\/p>\n","protected":false},"author":1,"featured_media":0,"parent":0,"menu_order":0,"comment_status":"closed","ping_status":"closed","template":"","meta":{"ocean_post_layout":"full-screen","ocean_both_sidebars_style":"","ocean_both_sidebars_content_width":0,"ocean_both_sidebars_sidebars_width":0,"ocean_sidebar":"0","ocean_second_sidebar":"0","ocean_disable_margins":"enable","ocean_add_body_class":"","ocean_shortcode_before_top_bar":"","ocean_shortcode_after_top_bar":"","ocean_shortcode_before_header":"","ocean_shortcode_after_header":"","ocean_has_shortcode":"","ocean_shortcode_after_title":"","ocean_shortcode_before_footer_widgets":"","ocean_shortcode_after_footer_widgets":"","ocean_shortcode_before_footer_bottom":"","ocean_shortcode_after_footer_bottom":"","ocean_display_top_bar":"default","ocean_display_header":"default","ocean_header_style":"","ocean_center_header_left_menu":"0","ocean_custom_header_template":"0","ocean_custom_logo":0,"ocean_custom_retina_logo":0,"ocean_custom_logo_max_width":0,"ocean_custom_logo_tablet_max_width":0,"ocean_custom_logo_mobile_max_width":0,"ocean_custom_logo_max_height":0,"ocean_custom_logo_tablet_max_height":0,"ocean_custom_logo_mobile_max_height":0,"ocean_header_custom_menu":"0","ocean_menu_typo_font_family":"0","ocean_menu_typo_font_subset":"","ocean_menu_typo_font_size":0,"ocean_menu_typo_font_size_tablet":0,"ocean_menu_typo_font_size_mobile":0,"ocean_menu_typo_font_size_unit":"px","ocean_menu_typo_font_weight":"","ocean_menu_typo_font_weight_tablet":"","ocean_menu_typo_font_weight_mobile":"","ocean_menu_typo_transform":"","ocean_menu_typo_transform_tablet":"","ocean_menu_typo_transform_mobile":"","ocean_menu_typo_line_height":0,"ocean_menu_typo_line_height_tablet":0,"ocean_menu_typo_line_height_mobile":0,"ocean_menu_typo_line_height_unit":"","ocean_menu_typo_spacing":0,"ocean_menu_typo_spacing_tablet":0,"ocean_menu_typo_spacing_mobile":0,"ocean_menu_typo_spacing_unit":"","ocean_menu_link_color":"","ocean_menu_link_color_hover":"","ocean_menu_link_color_active":"","ocean_menu_link_background":"","ocean_menu_link_hover_background":"","ocean_menu_link_active_background":"","ocean_menu_social_links_bg":"","ocean_menu_social_hover_links_bg":"","ocean_menu_social_links_color":"","ocean_menu_social_hover_links_color":"","ocean_disable_title":"on","ocean_disable_heading":"default","ocean_post_title":"","ocean_post_subheading":"","ocean_post_title_style":"","ocean_post_title_background_color":"","ocean_post_title_background":0,"ocean_post_title_bg_image_position":"","ocean_post_title_bg_image_attachment":"","ocean_post_title_bg_image_repeat":"","ocean_post_title_bg_image_size":"","ocean_post_title_height":0,"ocean_post_title_bg_overlay":0.5,"ocean_post_title_bg_overlay_color":"","ocean_disable_breadcrumbs":"default","ocean_breadcrumbs_color":"","ocean_breadcrumbs_separator_color":"","ocean_breadcrumbs_links_color":"","ocean_breadcrumbs_links_hover_color":"","ocean_display_footer_widgets":"default","ocean_display_footer_bottom":"default","ocean_custom_footer_template":"0","footnotes":""},"_links":{"self":[{"href":"https:\/\/www.fischerverein-schwoerstadt.de\/startseite\/wp-json\/wp\/v2\/pages\/143"}],"collection":[{"href":"https:\/\/www.fischerverein-schwoerstadt.de\/startseite\/wp-json\/wp\/v2\/pages"}],"about":[{"href":"https:\/\/www.fischerverein-schwoerstadt.de\/startseite\/wp-json\/wp\/v2\/types\/page"}],"author":[{"embeddable":true,"href":"https:\/\/www.fischerverein-schwoerstadt.de\/startseite\/wp-json\/wp\/v2\/users\/1"}],"replies":[{"embeddable":true,"href":"https:\/\/www.fischerverein-schwoerstadt.de\/startseite\/wp-json\/wp\/v2\/comments?post=143"}],"version-history":[{"count":15,"href":"https:\/\/www.fischerverein-schwoerstadt.de\/startseite\/wp-json\/wp\/v2\/pages\/143\/revisions"}],"predecessor-version":[{"id":767,"href":"https:\/\/www.fischerverein-schwoerstadt.de\/startseite\/wp-json\/wp\/v2\/pages\/143\/revisions\/767"}],"wp:attachment":[{"href":"https:\/\/www.fischerverein-schwoerstadt.de\/startseite\/wp-json\/wp\/v2\/media?parent=143"}],"curies":[{"name":"wp","href":"https:\/\/api.w.org\/{rel}","templated":true}]}}